{"id":1006,"date":"2021-12-08T15:26:57","date_gmt":"2021-12-08T15:26:57","guid":{"rendered":"https:\/\/syndyk.info\/test\/?page_id=1006"},"modified":"2022-01-18T14:22:14","modified_gmt":"2022-01-18T14:22:14","slug":"lista-wierzytelnosci","status":"publish","type":"page","link":"https:\/\/syndyk.info\/test\/index.php\/postepowania\/zaklady-naprawcze-taboru-kolejowego-w-olesnicy-s-a-w-upadlosci\/lista-wierzytelnosci\/","title":{"rendered":"Lista wierzytelno\u015bci &#8211; ZNTK"},"content":{"rendered":"\n<p>Lista wierzytelno\u015bci Zak\u0142ad\u00f3w Naprawczych Taboru Kolejowego w Ole\u015bnicy S.A. w upad\u0142o\u015bci zosta\u0142a sporz\u0105dzona i przekazana S\u0119dziemu Komisarzowi.<\/p>\n","protected":false},"excerpt":{"rendered":"<p>Lista wierzytelno\u015bci Zak\u0142ad\u00f3w Naprawczych Taboru Kolejowego w Ole\u015bnicy S.A. w upad\u0142o\u015bci zosta\u0142a sporz\u0105dzona i przekazana S\u0119dziemu Komisarzowi.<\/p>\n","protected":false},"author":1,"featured_media":0,"parent":27,"menu_order":2,"comment_status":"closed","ping_status":"closed","template":"","meta":{"footnotes":""},"class_list":["post-1006","page","type-page","status-publish","hentry"],"_links":{"self":[{"href":"https:\/\/syndyk.info\/test\/index.php\/wp-json\/wp\/v2\/pages\/1006","targetHints":{"allow":["GET"]}}],"collection":[{"href":"https:\/\/syndyk.info\/test\/index.php\/wp-json\/wp\/v2\/pages"}],"about":[{"href":"https:\/\/syndyk.info\/test\/index.php\/wp-json\/wp\/v2\/types\/page"}],"author":[{"embeddable":true,"href":"https:\/\/syndyk.info\/test\/index.php\/wp-json\/wp\/v2\/users\/1"}],"replies":[{"embeddable":true,"href":"https:\/\/syndyk.info\/test\/index.php\/wp-json\/wp\/v2\/comments?post=1006"}],"version-history":[{"count":3,"href":"https:\/\/syndyk.info\/test\/index.php\/wp-json\/wp\/v2\/pages\/1006\/revisions"}],"predecessor-version":[{"id":1107,"href":"https:\/\/syndyk.info\/test\/index.php\/wp-json\/wp\/v2\/pages\/1006\/revisions\/1107"}],"up":[{"embeddable":true,"href":"https:\/\/syndyk.info\/test\/index.php\/wp-json\/wp\/v2\/pages\/27"}],"wp:attachment":[{"href":"https:\/\/syndyk.info\/test\/index.php\/wp-json\/wp\/v2\/media?parent=1006"}],"curies":[{"name":"wp","href":"https:\/\/api.w.org\/{rel}","templated":true}]}}