{"id":961,"date":"2021-12-08T14:09:17","date_gmt":"2021-12-08T14:09:17","guid":{"rendered":"https:\/\/syndyk.info\/test\/?page_id=961"},"modified":"2025-02-05T23:46:36","modified_gmt":"2025-02-05T23:46:36","slug":"zntk-olesnica-s-a-w-upadlosci-aktualnosci","status":"publish","type":"page","link":"https:\/\/syndyk.info\/test\/index.php\/aktualnosci\/zntk-olesnica-s-a-w-upadlosci-aktualnosci\/","title":{"rendered":"ZNTK Ole\u015bnica S.A. w upad\u0142o\u015bci &#8211; Aktualno\u015bci"},"content":{"rendered":"\n<p>Brak wpis\u00f3w w tym dziale.<\/p>\n\n\n\n<p><\/p>\n","protected":false},"excerpt":{"rendered":"<p>Brak wpis\u00f3w w tym dziale.<\/p>\n","protected":false},"author":1,"featured_media":0,"parent":957,"menu_order":2,"comment_status":"closed","ping_status":"closed","template":"","meta":{"footnotes":""},"class_list":["post-961","page","type-page","status-publish","hentry"],"_links":{"self":[{"href":"https:\/\/syndyk.info\/test\/index.php\/wp-json\/wp\/v2\/pages\/961","targetHints":{"allow":["GET"]}}],"collection":[{"href":"https:\/\/syndyk.info\/test\/index.php\/wp-json\/wp\/v2\/pages"}],"about":[{"href":"https:\/\/syndyk.info\/test\/index.php\/wp-json\/wp\/v2\/types\/page"}],"author":[{"embeddable":true,"href":"https:\/\/syndyk.info\/test\/index.php\/wp-json\/wp\/v2\/users\/1"}],"replies":[{"embeddable":true,"href":"https:\/\/syndyk.info\/test\/index.php\/wp-json\/wp\/v2\/comments?post=961"}],"version-history":[{"count":33,"href":"https:\/\/syndyk.info\/test\/index.php\/wp-json\/wp\/v2\/pages\/961\/revisions"}],"predecessor-version":[{"id":1792,"href":"https:\/\/syndyk.info\/test\/index.php\/wp-json\/wp\/v2\/pages\/961\/revisions\/1792"}],"up":[{"embeddable":true,"href":"https:\/\/syndyk.info\/test\/index.php\/wp-json\/wp\/v2\/pages\/957"}],"wp:attachment":[{"href":"https:\/\/syndyk.info\/test\/index.php\/wp-json\/wp\/v2\/media?parent=961"}],"curies":[{"name":"wp","href":"https:\/\/api.w.org\/{rel}","templated":true}]}}